{"id":3755,"date":"2026-01-03T03:39:03","date_gmt":"2026-01-03T03:39:03","guid":{"rendered":"https:\/\/synapseby.tech\/Store\/?post_type=product&#038;p=3755"},"modified":"2026-01-03T04:12:31","modified_gmt":"2026-01-03T04:12:31","slug":"pack-gratuit-5-posters-educatifs-hd","status":"publish","type":"product","link":"https:\/\/synapseby.tech\/Store\/product\/pack-gratuit-5-posters-educatifs-hd\/","title":{"rendered":"Pack Gratuit : 5 Posters \u00c9ducatifs HD"},"content":{"rendered":"<p><strong><img loading=\"lazy\" decoding=\"async\" class=\"alignnone size-medium wp-image-3758\" src=\"http:\/\/synapseby.tech\/Store\/wp-content\/uploads\/woocommerce_uploads\/2026\/01\/\u0645\u0627-\u0647\u064a-\u0627\u0644\u0642\u0627\u0631\u0629\u061f-hzmpcn-201x300.png\" alt=\"\" width=\"201\" height=\"300\" \/>Une collection de 5 posters scientifiques et p\u00e9dagogiques de haute qualit\u00e9, incluant des sujets comme la flottabilit\u00e9, la gravit\u00e9, et la sant\u00e9 mentale pour les enfants.<\/strong><\/p>\n","protected":false},"excerpt":{"rendered":"<p style=\"text-align: right;\" data-path-to-node=\"6\"><b data-path-to-node=\"6\" data-index-in-node=\"0\">\u0645\u0643\u062a\u0628\u0629 \u0645\u0644\u0635\u0642\u0627\u062a Synapse \u0627\u0644\u062a\u0639\u0644\u064a\u0645\u064a\u0629 \u0627\u0644\u0645\u0628\u062a\u0643\u0631\u0629 \ud83c\udfa8<\/b><\/p>\n<ul data-path-to-node=\"7\">\n<li style=\"text-align: right;\">\n<p data-path-to-node=\"7,0,0\">\u0627\u0633\u062a\u0643\u0634\u0641 \u0645\u062c\u0645\u0648\u0639\u0629 \u0645\u0646 \u0627\u0644\u062a\u0635\u0627\u0645\u064a\u0645 \u062b\u0644\u0627\u062b\u064a\u0629 \u0627\u0644\u0623\u0628\u0639\u0627\u062f \u0627\u0644\u062a\u064a \u062a\u062c\u0639\u0644 \u0627\u0644\u0639\u0644\u0648\u0645 \u0648\u0627\u0644\u0631\u064a\u0627\u0636\u064a\u0627\u062a \u0648\u0627\u0644\u062c\u063a\u0631\u0627\u0641\u064a\u0627 \u0623\u0643\u062b\u0631 \u0645\u062a\u0639\u0629 \u0648\u0648\u0636\u0648\u062d\u0627\u064b \u0644\u0644\u0623\u0637\u0641\u0627\u0644.<\/p>\n<\/li>\n<li style=\"text-align: right;\">\n<p data-path-to-node=\"7,1,0\">\u0628\u0627\u0642\u0629 \u0645\u062a\u0643\u0627\u0645\u0644\u0629 \u062a\u062c\u0645\u0639 \u0628\u064a\u0646 \u0627\u0644\u062f\u0642\u0629 \u0627\u0644\u0639\u0644\u0645\u064a\u0629 \u0648\u0627\u0644\u062c\u0645\u0627\u0644 \u0627\u0644\u0628\u0635\u0631\u064a\u060c \u062c\u0627\u0647\u0632\u0629 \u0644\u0644\u0637\u0628\u0627\u0639\u0629 \u0644\u062a\u0632\u064a\u064a\u0646 \u0627\u0644\u0641\u0635\u0648\u0644 \u0627\u0644\u062f\u0631\u0627\u0633\u064a\u0629 \u0648\u063a\u0631\u0641 \u0627\u0644\u0623\u0637\u0641\u0627\u0644 \u0628\u062c\u0648\u062f\u0629 \u0639\u0627\u0644\u064a\u0629 \u062c\u062f\u0627\u064b.<\/p>\n<\/li>\n<li style=\"text-align: right;\">\n<p data-path-to-node=\"7,2,0\">\u062a\u063a\u0637\u064a \u0645\u0644\u0635\u0642\u0627\u062a\u0646\u0627 \u0645\u0648\u0627\u0636\u064a\u0639 \u0645\u062a\u0646\u0648\u0639\u0629 \u0645\u062b\u0644 \u0642\u0648\u0627\u0646\u064a\u0646 \u0627\u0644\u0637\u0641\u0648\u060c \u0627\u0644\u062c\u0627\u0630\u0628\u064a\u0629\u060c \u0627\u0644\u0642\u0627\u0631\u0627\u062a\u060c \u0627\u0644\u0631\u0633\u0648\u0645 \u0627\u0644\u0628\u064a\u0627\u0646\u064a\u0629\u060c \u0648\u062a\u0639\u0632\u064a\u0632 \u0627\u0644\u0635\u062d\u0629 \u0627\u0644\u0646\u0641\u0633\u064a\u0629.<\/p>\n<\/li>\n<li>\n<p style=\"text-align: right;\" data-path-to-node=\"7,3,0\">\u0643\u0644 \u0645\u0644\u0635\u0642 \u0645\u0635\u0645\u0645 \u0628\u0639\u0646\u0627\u064a\u0629 \u0644\u062a\u062d\u0641\u064a\u0632 \u0627\u0644\u0641\u0636\u0648\u0644 \u0648\u062c\u0639\u0644 \u0627\u0644\u062a\u0639\u0644\u0645 \u062a\u062c\u0631\u0628\u0629 \u0628\u0635\u0631\u064a\u0629 \u0644\u0627 \u062a\u064f\u0646\u0633\u0649 \u0644\u0644\u0645\u062a\u0639\u0644\u0645 \u0627\u0644\u0635\u063a\u064a\u0631.<\/p>\n<ul data-path-to-node=\"7\">\n<li>\n<p style=\"text-align: right;\" data-path-to-node=\"7,4,0\">\u0627\u062d\u0635\u0644 \u0639\u0644\u0649 \u0628\u0627\u0642\u0629 \u0627\u0644\u0640 5 \u0645\u0644\u0635\u0642\u0627\u062a \u0627\u0644\u0645\u062c\u0627\u0646\u064a\u0629 \u0627\u0644\u0622\u0646 \u0639\u0628\u0631 \u0627\u0644\u0631\u0627\u0628\u0637 \u0627\u0644\u0645\u0648\u062c\u0648\u062f \u0641\u064a &#8220;\u0627\u0644\u0628\u0627\u064a\u0648&#8221; \u0627\u0644\u062e\u0627\u0635 \u0628\u0646\u0627.<\/p>\n<\/li>\n<\/ul>\n<\/li>\n<\/ul>\n","protected":false},"featured_media":3758,"comment_status":"open","ping_status":"closed","template":"","meta":{"_et_pb_use_builder":"","_et_pb_old_content":"","_et_gb_content_width":""},"product_brand":[],"product_cat":[15],"product_tag":[],"class_list":{"0":"post-3755","1":"product","2":"type-product","3":"status-publish","4":"has-post-thumbnail","6":"product_cat-kids-printables","8":"first","9":"instock","10":"downloadable","11":"virtual","12":"taxable","13":"purchasable","14":"product-type-simple"},"_links":{"self":[{"href":"https:\/\/synapseby.tech\/Store\/wp-json\/wp\/v2\/product\/3755","targetHints":{"allow":["GET"]}}],"collection":[{"href":"https:\/\/synapseby.tech\/Store\/wp-json\/wp\/v2\/product"}],"about":[{"href":"https:\/\/synapseby.tech\/Store\/wp-json\/wp\/v2\/types\/product"}],"replies":[{"embeddable":true,"href":"https:\/\/synapseby.tech\/Store\/wp-json\/wp\/v2\/comments?post=3755"}],"wp:featuredmedia":[{"embeddable":true,"href":"https:\/\/synapseby.tech\/Store\/wp-json\/wp\/v2\/media\/3758"}],"wp:attachment":[{"href":"https:\/\/synapseby.tech\/Store\/wp-json\/wp\/v2\/media?parent=3755"}],"wp:term":[{"taxonomy":"product_brand","embeddable":true,"href":"https:\/\/synapseby.tech\/Store\/wp-json\/wp\/v2\/product_brand?post=3755"},{"taxonomy":"product_cat","embeddable":true,"href":"https:\/\/synapseby.tech\/Store\/wp-json\/wp\/v2\/product_cat?post=3755"},{"taxonomy":"product_tag","embeddable":true,"href":"https:\/\/synapseby.tech\/Store\/wp-json\/wp\/v2\/product_tag?post=3755"}],"curies":[{"name":"wp","href":"https:\/\/api.w.org\/{rel}","templated":true}]}}